{"id":99,"date":"2021-09-21T17:31:23","date_gmt":"2021-09-21T15:31:23","guid":{"rendered":"https:\/\/nixmuss.digital\/?page_id=99"},"modified":"2021-12-02T16:26:18","modified_gmt":"2021-12-02T15:26:18","slug":"was","status":"publish","type":"page","link":"https:\/\/nixmuss.digital\/index.php\/was\/","title":{"rendered":"Was!"},"content":{"rendered":"\n<div class=\"wp-block-group alignfull\"><div class=\"wp-block-group__inner-container is-layout-flow wp-block-group-is-layout-flow\">\n<figure class=\"wp-block-image alignfull size-full\"><img loading=\"lazy\" decoding=\"async\" width=\"1024\" height=\"384\" src=\"https:\/\/nixmuss.digital\/wp-content\/uploads\/2021\/12\/dortmunderU1024px.jpeg\" alt=\"\" class=\"wp-image-427\" srcset=\"https:\/\/nixmuss.digital\/wp-content\/uploads\/2021\/12\/dortmunderU1024px.jpeg 1024w, https:\/\/nixmuss.digital\/wp-content\/uploads\/2021\/12\/dortmunderU1024px-300x113.jpeg 300w, https:\/\/nixmuss.digital\/wp-content\/uploads\/2021\/12\/dortmunderU1024px-768x288.jpeg 768w\" sizes=\"auto, (max-width: 1024px) 100vw, 1024px\" \/><\/figure>\n\n\n\n<p><\/p>\n<\/div><\/div>\n\n\n\n<p>Unser Projekt f\u00f6rdert das Verst\u00e4ndnis der Funktion von Hardware und Software zur Nutzung im Alltag. Hierzu kl\u00e4ren wir \u00fcber Digitalisierung auf, lehren dessen praktische Anwendung und f\u00f6rdern den Einsatz freier Software. Wir wollen uns bewusst nicht in die vielen Onlineangebote des Internets einreihen, sondern Menschen im Raum Dortmund lokal erreichen und mit anderen Vereinen kooperieren.<\/p>\n\n\n\n<p>Die Digitalisierung durchdringt viele Bereiche des privaten und \u00f6ffentlichen Lebens, ohne das ein tiefgreifendes Bildungsangebot die B\u00fcrger zur Teilhabe erm\u00e4chtigen. W\u00e4hrend sich viele B\u00fcrger z.B. im klassischen Heim- und Handwerk noch gegenseitig helfen k\u00f6nnen, ist dies auf digitaler Ebene oft nur eingeschr\u00e4nkt m\u00f6glich.<\/p>\n\n\n\n<p>Die Kernidee unserer Arbeit ist die Selbsterm\u00e4chtigung durch mehr Verst\u00e4ndnis der technischen Hintergr\u00fcnde und unsere Unterst\u00fctzung bei der allt\u00e4glichen Anwendung.<\/p>\n\n\n\n<div class=\"wp-block-media-text alignwide is-stacked-on-mobile\" style=\"grid-template-columns:23% auto\"><figure class=\"wp-block-media-text__media\"><img loading=\"lazy\" decoding=\"async\" width=\"300\" height=\"285\" src=\"https:\/\/nixmuss.digital\/wp-content\/uploads\/2021\/12\/was_digital_mm300px-1.png\" alt=\"\" class=\"wp-image-430 size-full\"\/><\/figure><div class=\"wp-block-media-text__content\">\n<p>Unsere Ziele sind die F\u00f6rderung \u2026<\/p>\n\n\n\n<ul class=\"wp-block-list\"><li>des technisch Verst\u00e4ndnisses von Menschen in nicht technischen Berufen<\/li><li>der Selbsterm\u00e4chtigung und Teilhabe im technischen Umfeld<\/li><li>Hilfe zur Selbsthilfe durch Fortbildung, Kooperation und Anleitung<\/li><li>des Einsatzes und Verst\u00e4ndnis freier Software<\/li><li>Bildung einer Plattform f\u00fcr digitale Bildung im Raum Dortmund<\/li><li>Kooperation mit nicht kommerziellen Vereinen und Lehreinrichtungen<\/li><li>Plattform f\u00fcr Unterst\u00fctzer ohne technischen Hintergrund (Musiker, K\u00fcnstler, G\u00e4rtner)<\/li><li>Basis ist Freiwilligkeit, Ungezwungenheit, Spa\u00df und &#8230; nix muss!<\/li><\/ul>\n<\/div><\/div>\n\n\n\n<div class=\"wp-block-columns is-layout-flex wp-container-core-columns-is-layout-28f84493 wp-block-columns-is-layout-flex\">\n<div class=\"wp-block-column is-layout-flow wp-block-column-is-layout-flow\" style=\"flex-basis:66.66%\">\n<p>Wir unterst\u00fctzen aus diesem Grunde freie Software*, um die Kompetenz und Transparenz zu erm\u00f6glichen. Im Zentrum unserer Arbeit steht die praktische Heranf\u00fchrung von Jugendlichen und nicht kommerziellen Vereinen an den Einsatz von Hardware und freier Software.<\/p>\n<\/div>\n\n\n\n<div class=\"wp-block-column is-layout-flow wp-block-column-is-layout-flow\"><\/div>\n\n\n\n<div class=\"wp-block-column is-layout-flow wp-block-column-is-layout-flow\"><\/div>\n\n\n\n<div class=\"wp-block-column is-layout-flow wp-block-column-is-layout-flow\" style=\"flex-basis:33.33%\">\n<p class=\"has-background-color has-foreground-background-color has-text-color has-background\">Die Digitalisierung kann uns viel erleichtern, l\u00f6st aber nicht alle Probleme vom Sofa aus und die aktive Teilhabe darf auch Spa\u00df machen.<\/p>\n<\/div>\n<\/div>\n\n\n\n<figure class=\"wp-block-pullquote\"><blockquote><p>* <sub>Freie Software bezeichnet Software, die die Freiheit von Computernutzern in den Mittelpunkt stellt. Freie Software wird dadurch definiert, dass ein Nutzer mit dem Empfang der Software die Nutzungsrechte mitempf\u00e4ngt und diese ihm nicht vorenthalten oder beschr\u00e4nkt werden.<\/sub><\/p><p><\/p><cite>Wkipedia<\/cite><\/blockquote><\/figure>\n\n\n\n<p><\/p>\n","protected":false},"excerpt":{"rendered":"<p>Unser Projekt f\u00f6rdert das Verst\u00e4ndnis der Funktion von Hardware und Software zur Nutzung im Alltag. Hierzu kl\u00e4ren wir \u00fcber Digitalisierung auf, lehren dessen praktische Anwendung und f\u00f6rdern den Einsatz freier Software. Wir wollen uns bewusst nicht in die vielen Onlineangebote des Internets einreihen, sondern Menschen im Raum Dortmund lokal erreichen und mit anderen Vereinen kooperieren.<a class=\"more-link\" href=\"https:\/\/nixmuss.digital\/index.php\/was\/\"><span class=\"screen-reader-text\">&#8222;Was!&#8220;<\/span> weiterlesen<\/a><\/p>\n","protected":false},"author":2,"featured_media":0,"parent":0,"menu_order":0,"comment_status":"closed","ping_status":"closed","template":"","meta":{"footnotes":""},"class_list":["post-99","page","type-page","status-publish","hentry","entry"],"_links":{"self":[{"href":"https:\/\/nixmuss.digital\/index.php\/wp-json\/wp\/v2\/pages\/99","targetHints":{"allow":["GET"]}}],"collection":[{"href":"https:\/\/nixmuss.digital\/index.php\/wp-json\/wp\/v2\/pages"}],"about":[{"href":"https:\/\/nixmuss.digital\/index.php\/wp-json\/wp\/v2\/types\/page"}],"author":[{"embeddable":true,"href":"https:\/\/nixmuss.digital\/index.php\/wp-json\/wp\/v2\/users\/2"}],"replies":[{"embeddable":true,"href":"https:\/\/nixmuss.digital\/index.php\/wp-json\/wp\/v2\/comments?post=99"}],"version-history":[{"count":11,"href":"https:\/\/nixmuss.digital\/index.php\/wp-json\/wp\/v2\/pages\/99\/revisions"}],"predecessor-version":[{"id":502,"href":"https:\/\/nixmuss.digital\/index.php\/wp-json\/wp\/v2\/pages\/99\/revisions\/502"}],"wp:attachment":[{"href":"https:\/\/nixmuss.digital\/index.php\/wp-json\/wp\/v2\/media?parent=99"}],"curies":[{"name":"wp","href":"https:\/\/api.w.org\/{rel}","templated":true}]}}