{"id":276,"date":"2021-10-26T15:15:31","date_gmt":"2021-10-26T13:15:31","guid":{"rendered":"https:\/\/nixmuss.digital\/?page_id=276"},"modified":"2021-12-14T13:01:32","modified_gmt":"2021-12-14T12:01:32","slug":"softwareprojekte","status":"publish","type":"page","link":"https:\/\/nixmuss.digital\/index.php\/softwareprojekte\/","title":{"rendered":"Softwareprojekte"},"content":{"rendered":"\n<p>Hier findest Du alles zu unseren Softwareprojekten, Materialien, Downloads, Videos &#8230;<\/p>\n\n\n\n<p>Die Fortbildung finden in Workshops vor Ort und im Rahmen von Treffen in entspannter Umgebung statt. Bei unseren Terminen findest Du die n\u00e4chsten Veranstaltungen.<\/p>\n\n\n\n<figure class=\"wp-block-image size-full\"><img loading=\"lazy\" decoding=\"async\" width=\"1024\" height=\"344\" src=\"https:\/\/nixmuss.digital\/wp-content\/uploads\/2021\/11\/softwareHeader1024-1.jpg\" alt=\"\" class=\"wp-image-393\" srcset=\"https:\/\/nixmuss.digital\/wp-content\/uploads\/2021\/11\/softwareHeader1024-1.jpg 1024w, https:\/\/nixmuss.digital\/wp-content\/uploads\/2021\/11\/softwareHeader1024-1-300x101.jpg 300w, https:\/\/nixmuss.digital\/wp-content\/uploads\/2021\/11\/softwareHeader1024-1-768x258.jpg 768w\" sizes=\"auto, (max-width: 1024px) 100vw, 1024px\" \/><\/figure>\n\n\n\n<div class=\"wp-block-columns is-layout-flex wp-container-core-columns-is-layout-28f84493 wp-block-columns-is-layout-flex\">\n<div class=\"wp-block-column is-layout-flow wp-block-column-is-layout-flow\">\n<figure class=\"wp-block-image size-full\"><img loading=\"lazy\" decoding=\"async\" width=\"300\" height=\"169\" src=\"https:\/\/nixmuss.digital\/wp-content\/uploads\/2021\/12\/code300px.jpg\" alt=\"\" class=\"wp-image-454\"\/><\/figure>\n\n\n\n<p>Programmierkurse f\u00fcr Einsteiger mit Python und Scratch. <\/p>\n<\/div>\n\n\n\n<div class=\"wp-block-column is-layout-flow wp-block-column-is-layout-flow\">\n<figure class=\"wp-block-image size-full\"><img loading=\"lazy\" decoding=\"async\" width=\"300\" height=\"168\" src=\"https:\/\/nixmuss.digital\/wp-content\/uploads\/2021\/11\/Python-Minecraft-Klein.png\" alt=\"\" class=\"wp-image-388\"\/><\/figure>\n\n\n\n<p>Programmierprojekte: Python mit Minecraft oder kleine KI-Projekte (KI=K\u00fcnstliche Intelligenz)<\/p>\n\n\n\n<p><\/p>\n<\/div>\n\n\n\n<div class=\"wp-block-column is-layout-flow wp-block-column-is-layout-flow\">\n<figure class=\"wp-block-image size-full is-style-default\"><img loading=\"lazy\" decoding=\"async\" width=\"300\" height=\"169\" src=\"https:\/\/nixmuss.digital\/wp-content\/uploads\/2021\/12\/HomeOffice300px.png\" alt=\"\" class=\"wp-image-458\"\/><\/figure>\n\n\n\n<p>Freie Software im Alltag, Home-Office und in der Bildung. Kleine Workshops zum praktischen Einsatz<\/p>\n<\/div>\n<\/div>\n\n\n\n<div class=\"wp-block-columns is-layout-flex wp-container-core-columns-is-layout-28f84493 wp-block-columns-is-layout-flex\">\n<div class=\"wp-block-column is-layout-flow wp-block-column-is-layout-flow\">\n<figure class=\"wp-block-image size-full\"><img loading=\"lazy\" decoding=\"async\" width=\"300\" height=\"168\" src=\"https:\/\/nixmuss.digital\/wp-content\/uploads\/2021\/12\/Tux-Papier300px.jpg\" alt=\"\" class=\"wp-image-456\"\/><\/figure>\n\n\n\n<p>Linus Linux Linux Linux Linux Workshops und Installationstage f\u00fcr den leichten Einstieg.<\/p>\n<\/div>\n\n\n\n<div class=\"wp-block-column is-layout-flow wp-block-column-is-layout-flow\">\n<figure class=\"wp-block-image size-large\"><img loading=\"lazy\" decoding=\"async\" width=\"1024\" height=\"576\" src=\"https:\/\/nixmuss.digital\/wp-content\/uploads\/2021\/12\/Produktivitaet300px-1024x576.png\" alt=\"\" class=\"wp-image-485\" srcset=\"https:\/\/nixmuss.digital\/wp-content\/uploads\/2021\/12\/Produktivitaet300px-1024x576.png 1024w, https:\/\/nixmuss.digital\/wp-content\/uploads\/2021\/12\/Produktivitaet300px-300x169.png 300w, https:\/\/nixmuss.digital\/wp-content\/uploads\/2021\/12\/Produktivitaet300px-768x432.png 768w, https:\/\/nixmuss.digital\/wp-content\/uploads\/2021\/12\/Produktivitaet300px-1536x864.png 1536w, https:\/\/nixmuss.digital\/wp-content\/uploads\/2021\/12\/Produktivitaet300px-2048x1152.png 2048w, https:\/\/nixmuss.digital\/wp-content\/uploads\/2021\/12\/Produktivitaet300px-1568x882.png 1568w\" sizes=\"auto, (max-width: 1024px) 100vw, 1024px\" \/><\/figure>\n\n\n\n<p>Linux im Alltag f\u00fcr Umsteiger von anderen Betriebsystemen und zum umfangreichen Einsatz im Alltag.<\/p>\n<\/div>\n\n\n\n<div class=\"wp-block-column is-layout-flow wp-block-column-is-layout-flow\">\n<figure class=\"wp-block-image size-full\"><img loading=\"lazy\" decoding=\"async\" width=\"300\" height=\"168\" src=\"https:\/\/nixmuss.digital\/wp-content\/uploads\/2021\/12\/Cloud300px.jpg\" alt=\"\" class=\"wp-image-486\"\/><\/figure>\n\n\n\n<p>Meine eigene Cloud: Installation, Absicherung und Betrieb f\u00fcr den privaten Einsatz zu Hause und im Verein.<\/p>\n<\/div>\n<\/div>\n","protected":false},"excerpt":{"rendered":"<p>Hier findest Du alles zu unseren Softwareprojekten, Materialien, Downloads, Videos &#8230; Die Fortbildung finden in Workshops vor Ort und im Rahmen von Treffen in entspannter Umgebung statt. Bei unseren Terminen findest Du die n\u00e4chsten Veranstaltungen. Programmierkurse f\u00fcr Einsteiger mit Python und Scratch. Programmierprojekte: Python mit Minecraft oder kleine KI-Projekte (KI=K\u00fcnstliche Intelligenz) Freie Software im Alltag,<a class=\"more-link\" href=\"https:\/\/nixmuss.digital\/index.php\/softwareprojekte\/\"><span class=\"screen-reader-text\">&#8222;Softwareprojekte&#8220;<\/span> weiterlesen<\/a><\/p>\n","protected":false},"author":2,"featured_media":0,"parent":0,"menu_order":0,"comment_status":"closed","ping_status":"closed","template":"","meta":{"footnotes":""},"class_list":["post-276","page","type-page","status-publish","hentry","entry"],"_links":{"self":[{"href":"https:\/\/nixmuss.digital\/index.php\/wp-json\/wp\/v2\/pages\/276","targetHints":{"allow":["GET"]}}],"collection":[{"href":"https:\/\/nixmuss.digital\/index.php\/wp-json\/wp\/v2\/pages"}],"about":[{"href":"https:\/\/nixmuss.digital\/index.php\/wp-json\/wp\/v2\/types\/page"}],"author":[{"embeddable":true,"href":"https:\/\/nixmuss.digital\/index.php\/wp-json\/wp\/v2\/users\/2"}],"replies":[{"embeddable":true,"href":"https:\/\/nixmuss.digital\/index.php\/wp-json\/wp\/v2\/comments?post=276"}],"version-history":[{"count":8,"href":"https:\/\/nixmuss.digital\/index.php\/wp-json\/wp\/v2\/pages\/276\/revisions"}],"predecessor-version":[{"id":487,"href":"https:\/\/nixmuss.digital\/index.php\/wp-json\/wp\/v2\/pages\/276\/revisions\/487"}],"wp:attachment":[{"href":"https:\/\/nixmuss.digital\/index.php\/wp-json\/wp\/v2\/media?parent=276"}],"curies":[{"name":"wp","href":"https:\/\/api.w.org\/{rel}","templated":true}]}}