{"id":174,"date":"2021-09-21T19:18:49","date_gmt":"2021-09-21T17:18:49","guid":{"rendered":"https:\/\/nixmuss.digital\/?page_id=174"},"modified":"2021-12-03T11:28:24","modified_gmt":"2021-12-03T10:28:24","slug":"174-2","status":"publish","type":"page","link":"https:\/\/nixmuss.digital\/","title":{"rendered":""},"content":{"rendered":"\n<figure class=\"wp-block-image alignfull size-full\"><img loading=\"lazy\" decoding=\"async\" width=\"1024\" height=\"321\" src=\"https:\/\/nixmuss.digital\/wp-content\/uploads\/2021\/12\/workshop_kinder_header1024px.jpg\" alt=\"\" class=\"wp-image-422\" srcset=\"https:\/\/nixmuss.digital\/wp-content\/uploads\/2021\/12\/workshop_kinder_header1024px.jpg 1024w, https:\/\/nixmuss.digital\/wp-content\/uploads\/2021\/12\/workshop_kinder_header1024px-300x94.jpg 300w, https:\/\/nixmuss.digital\/wp-content\/uploads\/2021\/12\/workshop_kinder_header1024px-768x241.jpg 768w\" sizes=\"auto, (max-width: 1024px) 100vw, 1024px\" \/><\/figure>\n\n\n\n<p class=\"has-text-align-center\">Unser Projekt f\u00f6rdert das Verst\u00e4ndnis zur Funktion von Hardware und Software f\u00fcr die Nutzung im Alltag. Hierzu kl\u00e4ren wir \u00fcber Digitalisierung auf, lehren dessen praktische Anwendung und f\u00f6rdern den Einsatz freier Software. Wir wollen uns bewusst nicht in die vielen Onlineangebote des Internets einreihen, sondern Menschen im Raum Dortmund lokal erreichen und mit anderen Vereinen kooperieren.<\/p>\n\n\n\n<p><strong>Unser Projekt formiert sich aus einem alten Projekt heraus neu und diese Webseite befindet sich noch im Aufbau. Wir bitten um Nachsicht.<\/strong><\/p>\n","protected":false},"excerpt":{"rendered":"<p>Unser Projekt f\u00f6rdert das Verst\u00e4ndnis zur Funktion von Hardware und Software f\u00fcr die Nutzung im Alltag. Hierzu kl\u00e4ren wir \u00fcber Digitalisierung auf, lehren dessen praktische Anwendung und f\u00f6rdern den Einsatz freier Software. Wir wollen uns bewusst nicht in die vielen Onlineangebote des Internets einreihen, sondern Menschen im Raum Dortmund lokal erreichen und mit anderen Vereinen<a class=\"more-link\" href=\"https:\/\/nixmuss.digital\/\"> weiterlesen<\/a><\/p>\n","protected":false},"author":2,"featured_media":0,"parent":0,"menu_order":0,"comment_status":"closed","ping_status":"closed","template":"","meta":{"footnotes":""},"class_list":["post-174","page","type-page","status-publish","hentry","entry"],"_links":{"self":[{"href":"https:\/\/nixmuss.digital\/index.php\/wp-json\/wp\/v2\/pages\/174","targetHints":{"allow":["GET"]}}],"collection":[{"href":"https:\/\/nixmuss.digital\/index.php\/wp-json\/wp\/v2\/pages"}],"about":[{"href":"https:\/\/nixmuss.digital\/index.php\/wp-json\/wp\/v2\/types\/page"}],"author":[{"embeddable":true,"href":"https:\/\/nixmuss.digital\/index.php\/wp-json\/wp\/v2\/users\/2"}],"replies":[{"embeddable":true,"href":"https:\/\/nixmuss.digital\/index.php\/wp-json\/wp\/v2\/comments?post=174"}],"version-history":[{"count":11,"href":"https:\/\/nixmuss.digital\/index.php\/wp-json\/wp\/v2\/pages\/174\/revisions"}],"predecessor-version":[{"id":481,"href":"https:\/\/nixmuss.digital\/index.php\/wp-json\/wp\/v2\/pages\/174\/revisions\/481"}],"wp:attachment":[{"href":"https:\/\/nixmuss.digital\/index.php\/wp-json\/wp\/v2\/media?parent=174"}],"curies":[{"name":"wp","href":"https:\/\/api.w.org\/{rel}","templated":true}]}}