{"id":108,"date":"2021-09-21T17:32:47","date_gmt":"2021-09-21T15:32:47","guid":{"rendered":"https:\/\/nixmuss.digital\/?page_id=108"},"modified":"2021-12-02T16:41:17","modified_gmt":"2021-12-02T15:41:17","slug":"wo","status":"publish","type":"page","link":"https:\/\/nixmuss.digital\/index.php\/wo\/","title":{"rendered":"Wo?"},"content":{"rendered":"\n<div class=\"wp-block-columns is-layout-flex wp-container-core-columns-is-layout-28f84493 wp-block-columns-is-layout-flex\">\n<div class=\"wp-block-column is-layout-flow wp-block-column-is-layout-flow\" style=\"flex-basis:100%\">\n<div class=\"wp-block-group\"><div class=\"wp-block-group__inner-container is-layout-flow wp-block-group-is-layout-flow\">\n<div class=\"wp-block-columns is-layout-flex wp-container-core-columns-is-layout-28f84493 wp-block-columns-is-layout-flex\">\n<div class=\"wp-block-column is-layout-flow wp-block-column-is-layout-flow\" style=\"flex-basis:100%\">\n<div class=\"wp-block-group\"><div class=\"wp-block-group__inner-container is-layout-flow wp-block-group-is-layout-flow\">\n<div class=\"wp-block-columns is-layout-flex wp-container-core-columns-is-layout-28f84493 wp-block-columns-is-layout-flex\">\n<div class=\"wp-block-column is-layout-flow wp-block-column-is-layout-flow\" style=\"flex-basis:100%\">\n<div class=\"wp-block-group alignfull\"><div class=\"wp-block-group__inner-container is-layout-flow wp-block-group-is-layout-flow\">\n<div class=\"wp-block-group alignfull\"><div class=\"wp-block-group__inner-container is-layout-flow wp-block-group-is-layout-flow\">\n<div class=\"wp-block-columns alignfull is-layout-flex wp-container-core-columns-is-layout-28f84493 wp-block-columns-is-layout-flex\">\n<div class=\"wp-block-column is-layout-flow wp-block-column-is-layout-flow\" style=\"flex-basis:100%\">\n<div class=\"wp-block-image\"><figure class=\"aligncenter size-full is-resized\"><img loading=\"lazy\" decoding=\"async\" src=\"https:\/\/nixmuss.digital\/wp-content\/uploads\/2021\/12\/dortmund-osm1024px-2.png\" alt=\"\" class=\"wp-image-440\" width=\"978\" height=\"230\" srcset=\"https:\/\/nixmuss.digital\/wp-content\/uploads\/2021\/12\/dortmund-osm1024px-2.png 1024w, https:\/\/nixmuss.digital\/wp-content\/uploads\/2021\/12\/dortmund-osm1024px-2-300x71.png 300w, https:\/\/nixmuss.digital\/wp-content\/uploads\/2021\/12\/dortmund-osm1024px-2-768x181.png 768w\" sizes=\"auto, (max-width: 978px) 100vw, 978px\" \/><\/figure><\/div>\n<\/div>\n<\/div>\n<\/div><\/div>\n<\/div><\/div>\n<\/div>\n<\/div>\n<\/div><\/div>\n<\/div>\n<\/div>\n<\/div><\/div>\n<\/div>\n<\/div>\n\n\n\n<p>Die Welt ist bis auf Weiteres noch analog und das sch\u00e4tzen wir. Dennoch finden einige Treffen online statt. Wo und wann wir uns genau treffen, findest Du unter dem Men\u00fcpunkt WANN?<\/p>\n\n\n\n<p><strong>Kontakt:<\/strong><br>Allgemein kannst Du uns per E-Mail \u00fcber info@nixmuss.digital erreichen.<\/p>\n\n\n\n<p><br><strong>Workshops\/ Vortr\u00e4ge:<\/strong><\/p>\n\n\n\n<p class=\"has-text-align-left\">&#8211; Ping-B\u00fcro mit Adresse und Anfahrtsskizze<\/p>\n\n\n\n<p class=\"has-text-align-left\">&#8211; Weitere folgen.<\/p>\n\n\n\n<p class=\"has-text-align-left\"><br><strong>Online:<\/strong><\/p>\n\n\n\n<ul class=\"wp-block-list\"><li>Jitsi: Link wird aktuell angegeben<\/li><\/ul>\n\n\n\n<p class=\"has-text-align-left\"><br><strong>Messen\/ Treffen:<\/strong><\/p>\n\n\n\n<p class=\"has-text-align-left\">&#8211; DASA<\/p>\n\n\n\n<ul class=\"wp-block-list\"><li>Luups<\/li><\/ul>\n\n\n\n<p class=\"has-text-align-left\">&#8211; TU Dortmund-<\/p>\n","protected":false},"excerpt":{"rendered":"<p>Die Welt ist bis auf Weiteres noch analog und das sch\u00e4tzen wir. Dennoch finden einige Treffen online statt. Wo und wann wir uns genau treffen, findest Du unter dem Men\u00fcpunkt WANN? Kontakt:Allgemein kannst Du uns per E-Mail \u00fcber info@nixmuss.digital erreichen. Workshops\/ Vortr\u00e4ge: &#8211; Ping-B\u00fcro mit Adresse und Anfahrtsskizze &#8211; Weitere folgen. Online: Jitsi: Link wird<a class=\"more-link\" href=\"https:\/\/nixmuss.digital\/index.php\/wo\/\"><span class=\"screen-reader-text\">&#8222;Wo?&#8220;<\/span> weiterlesen<\/a><\/p>\n","protected":false},"author":2,"featured_media":0,"parent":0,"menu_order":0,"comment_status":"closed","ping_status":"closed","template":"","meta":{"footnotes":""},"class_list":["post-108","page","type-page","status-publish","hentry","entry"],"_links":{"self":[{"href":"https:\/\/nixmuss.digital\/index.php\/wp-json\/wp\/v2\/pages\/108","targetHints":{"allow":["GET"]}}],"collection":[{"href":"https:\/\/nixmuss.digital\/index.php\/wp-json\/wp\/v2\/pages"}],"about":[{"href":"https:\/\/nixmuss.digital\/index.php\/wp-json\/wp\/v2\/types\/page"}],"author":[{"embeddable":true,"href":"https:\/\/nixmuss.digital\/index.php\/wp-json\/wp\/v2\/users\/2"}],"replies":[{"embeddable":true,"href":"https:\/\/nixmuss.digital\/index.php\/wp-json\/wp\/v2\/comments?post=108"}],"version-history":[{"count":11,"href":"https:\/\/nixmuss.digital\/index.php\/wp-json\/wp\/v2\/pages\/108\/revisions"}],"predecessor-version":[{"id":442,"href":"https:\/\/nixmuss.digital\/index.php\/wp-json\/wp\/v2\/pages\/108\/revisions\/442"}],"wp:attachment":[{"href":"https:\/\/nixmuss.digital\/index.php\/wp-json\/wp\/v2\/media?parent=108"}],"curies":[{"name":"wp","href":"https:\/\/api.w.org\/{rel}","templated":true}]}}