{"id":107,"date":"2021-09-21T17:32:47","date_gmt":"2021-09-21T15:32:47","guid":{"rendered":"https:\/\/nixmuss.digital\/?page_id=107"},"modified":"2021-12-02T17:52:11","modified_gmt":"2021-12-02T16:52:11","slug":"du","status":"publish","type":"page","link":"https:\/\/nixmuss.digital\/index.php\/du\/","title":{"rendered":"Du!"},"content":{"rendered":"\n<div class=\"wp-block-columns is-layout-flex wp-container-core-columns-is-layout-28f84493 wp-block-columns-is-layout-flex\">\n<div class=\"wp-block-column is-layout-flow wp-block-column-is-layout-flow\" style=\"flex-basis:100%\">\n<div class=\"wp-block-group\"><div class=\"wp-block-group__inner-container is-layout-flow wp-block-group-is-layout-flow\">\n<div class=\"wp-block-group\"><div class=\"wp-block-group__inner-container is-layout-flow wp-block-group-is-layout-flow\">\n<div class=\"wp-block-group\"><div class=\"wp-block-group__inner-container is-layout-flow wp-block-group-is-layout-flow\">\n<div class=\"wp-block-columns is-layout-flex wp-container-core-columns-is-layout-28f84493 wp-block-columns-is-layout-flex\">\n<div class=\"wp-block-column is-layout-flow wp-block-column-is-layout-flow\" style=\"flex-basis:100%\">\n<figure class=\"wp-block-gallery alignfull columns-1 wp-block-gallery-1 is-layout-flex wp-block-gallery-is-layout-flex\"><ul class=\"blocks-gallery-grid\"><li class=\"blocks-gallery-item\"><figure><img loading=\"lazy\" decoding=\"async\" width=\"1024\" height=\"353\" src=\"https:\/\/nixmuss.digital\/wp-content\/uploads\/2021\/12\/EhrenamtTreffen1024px.jpg\" alt=\"\" data-id=\"465\" data-full-url=\"https:\/\/nixmuss.digital\/wp-content\/uploads\/2021\/12\/EhrenamtTreffen1024px.jpg\" data-link=\"https:\/\/nixmuss.digital\/index.php\/du\/ehrenamttreffen1024px\/\" class=\"wp-image-465\" srcset=\"https:\/\/nixmuss.digital\/wp-content\/uploads\/2021\/12\/EhrenamtTreffen1024px.jpg 1024w, https:\/\/nixmuss.digital\/wp-content\/uploads\/2021\/12\/EhrenamtTreffen1024px-300x103.jpg 300w, https:\/\/nixmuss.digital\/wp-content\/uploads\/2021\/12\/EhrenamtTreffen1024px-768x265.jpg 768w\" sizes=\"auto, (max-width: 1024px) 100vw, 1024px\" \/><\/figure><\/li><\/ul><\/figure>\n\n\n\n<div class=\"wp-block-columns is-layout-flex wp-container-core-columns-is-layout-28f84493 wp-block-columns-is-layout-flex\">\n<div class=\"wp-block-column is-layout-flow wp-block-column-is-layout-flow\" style=\"flex-basis:100%\">\n<div class=\"wp-block-group alignwide\"><div class=\"wp-block-group__inner-container is-layout-flow wp-block-group-is-layout-flow\">\n<div class=\"wp-block-group alignwide\"><div class=\"wp-block-group__inner-container is-layout-flow wp-block-group-is-layout-flow\"><\/div><\/div>\n<\/div><\/div>\n<\/div>\n<\/div>\n<\/div>\n<\/div>\n<\/div><\/div>\n<\/div><\/div>\n<\/div><\/div>\n<\/div>\n<\/div>\n\n\n\n<p>Unser Projekt versteht sich nicht als reinen Service f\u00fcr die Allgemeinheit. Wir wollen nat\u00fcrlich auch etwas davon haben. Wir wollen Spa\u00df, sammeln Erfahrung und suchen wahrscheinlich wie alle nach Sinn.<br>Jeder Fortbildung vertieft unser Wissen zu sozialen Themen und Technik. Wir wollen Menschen treffen, uns austauschen und ein Teil des Ehrenamtes sein.<\/p>\n\n\n\n<p>Das schaffen wir nicht alleine und das wollen wir auch nicht alleine schaffen.<br>Wir freuen uns \u00fcber Deine Unterst\u00fctzung, also nimm Kontakt zu uns auf! <\/p>\n\n\n\n<p>Melde Dich doch unter der <strong>E-Mail-Adresse <a href=\"mailto:info@nixmuss.digital\" data-type=\"mailto\" data-id=\"mailto:info@nixmuss.digital\">info@nixmuss.digital<\/a> <\/strong>oder komm einfach zu einer unserer <a href=\"https:\/\/nixmuss.digital\/index.php\/wann\/\" data-type=\"URL\" data-id=\"https:\/\/nixmuss.digital\/index.php\/wann\/\">Treffen<\/a>.<\/p>\n\n\n\n<p><br><strong>Welche Qualifikationen sind notwendig?<\/strong><\/p>\n\n\n\n<p>Keine, aber ein freundliches Wesen ist hilfreich.<\/p>\n\n\n\n<p>Die Unterst\u00fctzung kann von Daumendr\u00fccken \u00fcber Didaktiktipps, sch\u00f6ne Fotos, Einkaufen, Serveradministration, Freunde mitbringen, Kooperation bis zu eigenen Workshops und Vortr\u00e4gen reichen. Eigentlich solltest Du nur Lust haben.<\/p>\n\n\n\n<p><br><strong>Bis bald!<\/strong><\/p>\n","protected":false},"excerpt":{"rendered":"<p>Unser Projekt versteht sich nicht als reinen Service f\u00fcr die Allgemeinheit. Wir wollen nat\u00fcrlich auch etwas davon haben. Wir wollen Spa\u00df, sammeln Erfahrung und suchen wahrscheinlich wie alle nach Sinn.Jeder Fortbildung vertieft unser Wissen zu sozialen Themen und Technik. Wir wollen Menschen treffen, uns austauschen und ein Teil des Ehrenamtes sein. Das schaffen wir nicht<a class=\"more-link\" href=\"https:\/\/nixmuss.digital\/index.php\/du\/\"><span class=\"screen-reader-text\">&#8222;Du!&#8220;<\/span> weiterlesen<\/a><\/p>\n","protected":false},"author":2,"featured_media":0,"parent":0,"menu_order":0,"comment_status":"closed","ping_status":"closed","template":"","meta":{"footnotes":""},"class_list":["post-107","page","type-page","status-publish","hentry","entry"],"_links":{"self":[{"href":"https:\/\/nixmuss.digital\/index.php\/wp-json\/wp\/v2\/pages\/107","targetHints":{"allow":["GET"]}}],"collection":[{"href":"https:\/\/nixmuss.digital\/index.php\/wp-json\/wp\/v2\/pages"}],"about":[{"href":"https:\/\/nixmuss.digital\/index.php\/wp-json\/wp\/v2\/types\/page"}],"author":[{"embeddable":true,"href":"https:\/\/nixmuss.digital\/index.php\/wp-json\/wp\/v2\/users\/2"}],"replies":[{"embeddable":true,"href":"https:\/\/nixmuss.digital\/index.php\/wp-json\/wp\/v2\/comments?post=107"}],"version-history":[{"count":11,"href":"https:\/\/nixmuss.digital\/index.php\/wp-json\/wp\/v2\/pages\/107\/revisions"}],"predecessor-version":[{"id":467,"href":"https:\/\/nixmuss.digital\/index.php\/wp-json\/wp\/v2\/pages\/107\/revisions\/467"}],"wp:attachment":[{"href":"https:\/\/nixmuss.digital\/index.php\/wp-json\/wp\/v2\/media?parent=107"}],"curies":[{"name":"wp","href":"https:\/\/api.w.org\/{rel}","templated":true}]}}